{"id":401,"date":"2024-10-25T10:39:25","date_gmt":"2024-10-25T10:39:25","guid":{"rendered":"https:\/\/arkapogrzeby.pl\/?page_id=401"},"modified":"2025-01-14T13:32:18","modified_gmt":"2025-01-14T13:32:18","slug":"ekshumacje","status":"publish","type":"page","link":"https:\/\/arkapogrzeby.pl\/index.php\/ekshumacje\/","title":{"rendered":"Ekshumacje"},"content":{"rendered":"\t\t<div data-elementor-type=\"wp-page\" data-elementor-id=\"401\" class=\"elementor elementor-401\" data-elementor-post-type=\"page\">\n\t\t\t\t<div class=\"elementor-element elementor-element-12ecec7f e-flex e-con-boxed e-con e-parent\" data-id=\"12ecec7f\" data-element_type=\"container\" data-e-type=\"container\">\n\t\t\t\t\t<div class=\"e-con-inner\">\n\t\t<div class=\"elementor-element elementor-element-2b6c4ade e-con-full e-flex e-con e-child\" data-id=\"2b6c4ade\" data-element_type=\"container\" data-e-type=\"container\">\n\t\t\t\t<div class=\"elementor-element elementor-element-422dd1ba elementor-widget__width-initial elementor-absolute elementor-widget elementor-widget-spacer\" data-id=\"422dd1ba\" data-element_type=\"widget\" data-e-type=\"widget\" data-settings=\"{&quot;_position&quot;:&quot;absolute&quot;}\" data-widget_type=\"spacer.default\">\n\t\t\t\t<div class=\"elementor-widget-container\">\n\t\t\t\t\t\t\t<div class=\"elementor-spacer\">\n\t\t\t<div class=\"elementor-spacer-inner\"><\/div>\n\t\t<\/div>\n\t\t\t\t\t\t<\/div>\n\t\t\t\t<\/div>\n\t\t\t\t<div class=\"elementor-element elementor-element-6fcec10 elementor-widget elementor-widget-heading\" data-id=\"6fcec10\" data-element_type=\"widget\" data-e-type=\"widget\" data-widget_type=\"heading.default\">\n\t\t\t\t<div class=\"elementor-widget-container\">\n\t\t\t\t\t<h1 class=\"elementor-heading-title elementor-size-default\">Ekshumacje<\/h1>\t\t\t\t<\/div>\n\t\t\t\t<\/div>\n\t\t\t\t<div class=\"elementor-element elementor-element-50d15f58 elementor-widget elementor-widget-text-editor\" data-id=\"50d15f58\" data-element_type=\"widget\" data-e-type=\"widget\" data-widget_type=\"text-editor.default\">\n\t\t\t\t<div class=\"elementor-widget-container\">\n\t\t\t\t\t\t\t\t\t<p>Przeprowadzamy ekshumacje z poszanowaniem obowi\u0105zuj\u0105cych przepis\u00f3w oraz tradycji. Dbamy o ka\u017cdy aspekt procesu, zapewniaj\u0105c dyskrecj\u0119 i profesjonalizm na ka\u017cdym etapie. Nasza kadra zadba o niezb\u0119dne formalno\u015bci oraz bezpieczny i godny przebieg ekshumacji.<\/p>\t\t\t\t\t\t\t\t<\/div>\n\t\t\t\t<\/div>\n\t\t\t\t<\/div>\n\t\t<div class=\"elementor-element elementor-element-7a97840a e-con-full e-flex e-con e-child\" data-id=\"7a97840a\" data-element_type=\"container\" data-e-type=\"container\" data-settings=\"{&quot;background_background&quot;:&quot;classic&quot;}\">\n\t\t\t\t<div class=\"elementor-element elementor-element-e1acaf3 elementor-widget elementor-widget-image\" data-id=\"e1acaf3\" data-element_type=\"widget\" data-e-type=\"widget\" data-widget_type=\"image.default\">\n\t\t\t\t<div class=\"elementor-widget-container\">\n\t\t\t\t\t\t\t\t\t\t\t\t\t\t\t<img fetchpriority=\"high\" decoding=\"async\" width=\"800\" height=\"600\" src=\"https:\/\/arkapogrzeby.pl\/wp-content\/uploads\/2024\/10\/close-up-cross-cemetery-1024x768.jpg\" class=\"attachment-large size-large wp-image-474\" alt=\"\" srcset=\"https:\/\/arkapogrzeby.pl\/wp-content\/uploads\/2024\/10\/close-up-cross-cemetery-1024x768.jpg 1024w, https:\/\/arkapogrzeby.pl\/wp-content\/uploads\/2024\/10\/close-up-cross-cemetery-300x225.jpg 300w, https:\/\/arkapogrzeby.pl\/wp-content\/uploads\/2024\/10\/close-up-cross-cemetery-768x576.jpg 768w, https:\/\/arkapogrzeby.pl\/wp-content\/uploads\/2024\/10\/close-up-cross-cemetery-1536x1152.jpg 1536w, https:\/\/arkapogrzeby.pl\/wp-content\/uploads\/2024\/10\/close-up-cross-cemetery-2048x1536.jpg 2048w\" sizes=\"(max-width: 800px) 100vw, 800px\" \/>\t\t\t\t\t\t\t\t\t\t\t\t\t\t\t<\/div>\n\t\t\t\t<\/div>\n\t\t\t\t<\/div>\n\t\t\t\t\t<\/div>\n\t\t\t\t<\/div>\n\t\t\t\t<\/div>\n\t\t","protected":false},"excerpt":{"rendered":"<p>Ekshumacje Przeprowadzamy ekshumacje z poszanowaniem obowi\u0105zuj\u0105cych przepis\u00f3w oraz tradycji. Dbamy o ka\u017cdy aspekt procesu, zapewniaj\u0105c dyskrecj\u0119 i profesjonalizm na ka\u017cdym etapie. Nasza kadra zadba o niezb\u0119dne formalno\u015bci oraz bezpieczny i godny przebieg ekshumacji.<\/p>\n","protected":false},"author":2,"featured_media":0,"parent":0,"menu_order":0,"comment_status":"closed","ping_status":"closed","template":"elementor_header_footer","meta":{"_themeisle_gutenberg_block_has_review":false,"footnotes":""},"class_list":["post-401","page","type-page","status-publish","hentry"],"_links":{"self":[{"href":"https:\/\/arkapogrzeby.pl\/index.php\/wp-json\/wp\/v2\/pages\/401","targetHints":{"allow":["GET"]}}],"collection":[{"href":"https:\/\/arkapogrzeby.pl\/index.php\/wp-json\/wp\/v2\/pages"}],"about":[{"href":"https:\/\/arkapogrzeby.pl\/index.php\/wp-json\/wp\/v2\/types\/page"}],"author":[{"embeddable":true,"href":"https:\/\/arkapogrzeby.pl\/index.php\/wp-json\/wp\/v2\/users\/2"}],"replies":[{"embeddable":true,"href":"https:\/\/arkapogrzeby.pl\/index.php\/wp-json\/wp\/v2\/comments?post=401"}],"version-history":[{"count":9,"href":"https:\/\/arkapogrzeby.pl\/index.php\/wp-json\/wp\/v2\/pages\/401\/revisions"}],"predecessor-version":[{"id":1012,"href":"https:\/\/arkapogrzeby.pl\/index.php\/wp-json\/wp\/v2\/pages\/401\/revisions\/1012"}],"wp:attachment":[{"href":"https:\/\/arkapogrzeby.pl\/index.php\/wp-json\/wp\/v2\/media?parent=401"}],"curies":[{"name":"wp","href":"https:\/\/api.w.org\/{rel}","templated":true}]}}