{"id":397,"date":"2024-10-25T10:39:21","date_gmt":"2024-10-25T10:39:21","guid":{"rendered":"https:\/\/arkapogrzeby.pl\/?page_id=397"},"modified":"2025-01-14T13:33:46","modified_gmt":"2025-01-14T13:33:46","slug":"nagrobki","status":"publish","type":"page","link":"https:\/\/arkapogrzeby.pl\/index.php\/nagrobki\/","title":{"rendered":"Nagrobki"},"content":{"rendered":"\t\t<div data-elementor-type=\"wp-page\" data-elementor-id=\"397\" class=\"elementor elementor-397\" data-elementor-post-type=\"page\">\n\t\t\t\t<div class=\"elementor-element elementor-element-12ecec7f e-flex e-con-boxed e-con e-parent\" data-id=\"12ecec7f\" data-element_type=\"container\" data-e-type=\"container\">\n\t\t\t\t\t<div class=\"e-con-inner\">\n\t\t<div class=\"elementor-element elementor-element-2b6c4ade e-con-full e-flex e-con e-child\" data-id=\"2b6c4ade\" data-element_type=\"container\" data-e-type=\"container\">\n\t\t\t\t<div class=\"elementor-element elementor-element-422dd1ba elementor-widget__width-initial elementor-absolute elementor-widget elementor-widget-spacer\" data-id=\"422dd1ba\" data-element_type=\"widget\" data-e-type=\"widget\" data-settings=\"{&quot;_position&quot;:&quot;absolute&quot;}\" data-widget_type=\"spacer.default\">\n\t\t\t\t<div class=\"elementor-widget-container\">\n\t\t\t\t\t\t\t<div class=\"elementor-spacer\">\n\t\t\t<div class=\"elementor-spacer-inner\"><\/div>\n\t\t<\/div>\n\t\t\t\t\t\t<\/div>\n\t\t\t\t<\/div>\n\t\t\t\t<div class=\"elementor-element elementor-element-6fcec10 elementor-widget elementor-widget-heading\" data-id=\"6fcec10\" data-element_type=\"widget\" data-e-type=\"widget\" data-widget_type=\"heading.default\">\n\t\t\t\t<div class=\"elementor-widget-container\">\n\t\t\t\t\t<h1 class=\"elementor-heading-title elementor-size-default\">Nagrobki<\/h1>\t\t\t\t<\/div>\n\t\t\t\t<\/div>\n\t\t\t\t<div class=\"elementor-element elementor-element-50d15f58 elementor-widget elementor-widget-text-editor\" data-id=\"50d15f58\" data-element_type=\"widget\" data-e-type=\"widget\" data-widget_type=\"text-editor.default\">\n\t\t\t\t<div class=\"elementor-widget-container\">\n\t\t\t\t\t\t\t\t\t<p>Oferujemy pomoc w wyborze oraz zam\u00f3wieniu nagrobk\u00f3w o wysokiej jako\u015bci, kt\u00f3re b\u0119d\u0105 trwa\u0142ym upami\u0119tnieniem bliskich. Nasze projekty \u0142\u0105cz\u0105 estetyk\u0119 z solidno\u015bci\u0105 wykonania, dost\u0119pne s\u0105 tak\u017ce opcje personalizacji. Pomagamy dobra\u0107 odpowiednie materia\u0142y i wzory, kt\u00f3re najlepiej oddadz\u0105 pami\u0119\u0107 o Zmar\u0142ym.<\/p>\t\t\t\t\t\t\t\t<\/div>\n\t\t\t\t<\/div>\n\t\t\t\t<\/div>\n\t\t<div class=\"elementor-element elementor-element-7a97840a e-con-full e-flex e-con e-child\" data-id=\"7a97840a\" data-element_type=\"container\" data-e-type=\"container\" data-settings=\"{&quot;background_background&quot;:&quot;classic&quot;}\">\n\t\t\t\t<div class=\"elementor-element elementor-element-6bf53c2 elementor-widget elementor-widget-image\" data-id=\"6bf53c2\" data-element_type=\"widget\" data-e-type=\"widget\" data-widget_type=\"image.default\">\n\t\t\t\t<div class=\"elementor-widget-container\">\n\t\t\t\t\t\t\t\t\t\t\t\t\t\t\t<img fetchpriority=\"high\" decoding=\"async\" width=\"800\" height=\"534\" src=\"https:\/\/arkapogrzeby.pl\/wp-content\/uploads\/2024\/10\/old-cemetery-with-graves-spanish-holy-place-1024x683.jpg\" class=\"attachment-large size-large wp-image-472\" alt=\"\" srcset=\"https:\/\/arkapogrzeby.pl\/wp-content\/uploads\/2024\/10\/old-cemetery-with-graves-spanish-holy-place-1024x683.jpg 1024w, https:\/\/arkapogrzeby.pl\/wp-content\/uploads\/2024\/10\/old-cemetery-with-graves-spanish-holy-place-300x200.jpg 300w, https:\/\/arkapogrzeby.pl\/wp-content\/uploads\/2024\/10\/old-cemetery-with-graves-spanish-holy-place-768x512.jpg 768w, https:\/\/arkapogrzeby.pl\/wp-content\/uploads\/2024\/10\/old-cemetery-with-graves-spanish-holy-place-1536x1024.jpg 1536w, https:\/\/arkapogrzeby.pl\/wp-content\/uploads\/2024\/10\/old-cemetery-with-graves-spanish-holy-place-2048x1365.jpg 2048w\" sizes=\"(max-width: 800px) 100vw, 800px\" \/>\t\t\t\t\t\t\t\t\t\t\t\t\t\t\t<\/div>\n\t\t\t\t<\/div>\n\t\t\t\t<\/div>\n\t\t\t\t\t<\/div>\n\t\t\t\t<\/div>\n\t\t\t\t<\/div>\n\t\t","protected":false},"excerpt":{"rendered":"<p>Nagrobki Oferujemy pomoc w wyborze oraz zam\u00f3wieniu nagrobk\u00f3w o wysokiej jako\u015bci, kt\u00f3re b\u0119d\u0105 trwa\u0142ym upami\u0119tnieniem bliskich. Nasze projekty \u0142\u0105cz\u0105 estetyk\u0119 z solidno\u015bci\u0105 wykonania, dost\u0119pne s\u0105 tak\u017ce opcje personalizacji. Pomagamy dobra\u0107 odpowiednie materia\u0142y i wzory, kt\u00f3re najlepiej oddadz\u0105 pami\u0119\u0107 o Zmar\u0142ym.<\/p>\n","protected":false},"author":2,"featured_media":0,"parent":0,"menu_order":0,"comment_status":"closed","ping_status":"closed","template":"elementor_header_footer","meta":{"_themeisle_gutenberg_block_has_review":false,"footnotes":""},"class_list":["post-397","page","type-page","status-publish","hentry"],"_links":{"self":[{"href":"https:\/\/arkapogrzeby.pl\/index.php\/wp-json\/wp\/v2\/pages\/397","targetHints":{"allow":["GET"]}}],"collection":[{"href":"https:\/\/arkapogrzeby.pl\/index.php\/wp-json\/wp\/v2\/pages"}],"about":[{"href":"https:\/\/arkapogrzeby.pl\/index.php\/wp-json\/wp\/v2\/types\/page"}],"author":[{"embeddable":true,"href":"https:\/\/arkapogrzeby.pl\/index.php\/wp-json\/wp\/v2\/users\/2"}],"replies":[{"embeddable":true,"href":"https:\/\/arkapogrzeby.pl\/index.php\/wp-json\/wp\/v2\/comments?post=397"}],"version-history":[{"count":8,"href":"https:\/\/arkapogrzeby.pl\/index.php\/wp-json\/wp\/v2\/pages\/397\/revisions"}],"predecessor-version":[{"id":1015,"href":"https:\/\/arkapogrzeby.pl\/index.php\/wp-json\/wp\/v2\/pages\/397\/revisions\/1015"}],"wp:attachment":[{"href":"https:\/\/arkapogrzeby.pl\/index.php\/wp-json\/wp\/v2\/media?parent=397"}],"curies":[{"name":"wp","href":"https:\/\/api.w.org\/{rel}","templated":true}]}}