{"id":395,"date":"2024-10-25T10:38:34","date_gmt":"2024-10-25T10:38:34","guid":{"rendered":"https:\/\/arkapogrzeby.pl\/?page_id=395"},"modified":"2025-03-06T08:39:00","modified_gmt":"2025-03-06T08:39:00","slug":"kwiaty","status":"publish","type":"page","link":"https:\/\/arkapogrzeby.pl\/index.php\/kwiaty\/","title":{"rendered":"Kwiaty"},"content":{"rendered":"\t\t<div data-elementor-type=\"wp-page\" data-elementor-id=\"395\" class=\"elementor elementor-395\" data-elementor-post-type=\"page\">\n\t\t\t\t<div class=\"elementor-element elementor-element-88d3645 e-flex e-con-boxed e-con e-parent\" data-id=\"88d3645\" data-element_type=\"container\" data-e-type=\"container\">\n\t\t\t\t\t<div class=\"e-con-inner\">\n\t\t<div class=\"elementor-element elementor-element-279c833 e-con-full e-flex e-con e-child\" data-id=\"279c833\" data-element_type=\"container\" data-e-type=\"container\">\n\t\t\t\t<div class=\"elementor-element elementor-element-aee5060 elementor-widget__width-initial elementor-absolute elementor-widget elementor-widget-spacer\" data-id=\"aee5060\" data-element_type=\"widget\" data-e-type=\"widget\" data-settings=\"{&quot;_position&quot;:&quot;absolute&quot;}\" data-widget_type=\"spacer.default\">\n\t\t\t\t<div class=\"elementor-widget-container\">\n\t\t\t\t\t\t\t<div class=\"elementor-spacer\">\n\t\t\t<div class=\"elementor-spacer-inner\"><\/div>\n\t\t<\/div>\n\t\t\t\t\t\t<\/div>\n\t\t\t\t<\/div>\n\t\t\t\t<div class=\"elementor-element elementor-element-aa02fc4 elementor-widget elementor-widget-heading\" data-id=\"aa02fc4\" data-element_type=\"widget\" data-e-type=\"widget\" data-widget_type=\"heading.default\">\n\t\t\t\t<div class=\"elementor-widget-container\">\n\t\t\t\t\t<h1 class=\"elementor-heading-title elementor-size-default\">Kwiaty<\/h1>\t\t\t\t<\/div>\n\t\t\t\t<\/div>\n\t\t\t\t<div class=\"elementor-element elementor-element-c556ab8 elementor-widget elementor-widget-text-editor\" data-id=\"c556ab8\" data-element_type=\"widget\" data-e-type=\"widget\" data-widget_type=\"text-editor.default\">\n\t\t\t\t<div class=\"elementor-widget-container\">\n\t\t\t\t\t\t\t\t\t<p>Oferujemy szeroki wyb\u00f3r kompozycji kwiatowych na ostatnie po\u017cegnanie \u2013 od subtelnych wi\u0105zanek &nbsp;na trumn\u0119 lub urn\u0119 po eleganckie wie\u0144ce &#8211; klasyczne, serca&nbsp; oraz wie\u0144ce rzymskie. &nbsp;Przygotowane przez naszego floryst\u0119&nbsp; kompozycje&nbsp;&nbsp; oddaj\u0105&nbsp; g\u0142\u0119bi\u0119 uczu\u0107 i s\u0105 godnym wyrazem szacunku bliskich dla Zmar\u0142ego. Doradzamy w wyborze odpowiednich kwiat\u00f3w i kompozycji, realizujemy indywidualne&nbsp; \u017cyczenia.&nbsp;&nbsp; Kwiaty dostarczamy na miejsce uroczysto\u015bci.<\/p>\n<p>Poni\u017cej mog\u0105 Pa\u0144stwo obejrze\u0107 realizacje wi\u0105zanek i wie\u0144c\u00f3w dla naszych klient\u00f3w.<\/p>\t\t\t\t\t\t\t\t<\/div>\n\t\t\t\t<\/div>\n\t\t\t\t<\/div>\n\t\t<div class=\"elementor-element elementor-element-1b4f8ce e-con-full e-flex e-con e-child\" data-id=\"1b4f8ce\" data-element_type=\"container\" data-e-type=\"container\" data-settings=\"{&quot;background_background&quot;:&quot;classic&quot;}\">\n\t\t\t\t<div class=\"elementor-element elementor-element-90e31e9 elementor-widget elementor-widget-image\" data-id=\"90e31e9\" data-element_type=\"widget\" data-e-type=\"widget\" data-widget_type=\"image.default\">\n\t\t\t\t<div class=\"elementor-widget-container\">\n\t\t\t\t\t\t\t\t\t\t\t\t\t\t\t<img fetchpriority=\"high\" decoding=\"async\" width=\"800\" height=\"400\" src=\"https:\/\/arkapogrzeby.pl\/wp-content\/uploads\/2025\/01\/6.png\" class=\"attachment-large size-large wp-image-887\" alt=\"\" srcset=\"https:\/\/arkapogrzeby.pl\/wp-content\/uploads\/2025\/01\/6.png 1000w, https:\/\/arkapogrzeby.pl\/wp-content\/uploads\/2025\/01\/6-300x150.png 300w, https:\/\/arkapogrzeby.pl\/wp-content\/uploads\/2025\/01\/6-768x384.png 768w\" sizes=\"(max-width: 800px) 100vw, 800px\" \/>\t\t\t\t\t\t\t\t\t\t\t\t\t\t\t<\/div>\n\t\t\t\t<\/div>\n\t\t<div class=\"elementor-element elementor-element-ace0f6a e-con-full e-flex e-con e-child\" data-id=\"ace0f6a\" data-element_type=\"container\" data-e-type=\"container\">\n\t\t\t\t<div class=\"elementor-element elementor-element-5b41d84 elementor-widget elementor-widget-image\" data-id=\"5b41d84\" data-element_type=\"widget\" data-e-type=\"widget\" data-widget_type=\"image.default\">\n\t\t\t\t<div class=\"elementor-widget-container\">\n\t\t\t\t\t\t\t\t\t\t\t\t\t\t\t<img decoding=\"async\" width=\"2000\" height=\"1333\" src=\"https:\/\/arkapogrzeby.pl\/wp-content\/uploads\/2025\/01\/24412.jpg\" class=\"attachment-full size-full wp-image-804\" alt=\"\" srcset=\"https:\/\/arkapogrzeby.pl\/wp-content\/uploads\/2025\/01\/24412.jpg 2000w, https:\/\/arkapogrzeby.pl\/wp-content\/uploads\/2025\/01\/24412-300x200.jpg 300w, https:\/\/arkapogrzeby.pl\/wp-content\/uploads\/2025\/01\/24412-1024x682.jpg 1024w, https:\/\/arkapogrzeby.pl\/wp-content\/uploads\/2025\/01\/24412-768x512.jpg 768w, https:\/\/arkapogrzeby.pl\/wp-content\/uploads\/2025\/01\/24412-1536x1024.jpg 1536w\" sizes=\"(max-width: 2000px) 100vw, 2000px\" \/>\t\t\t\t\t\t\t\t\t\t\t\t\t\t\t<\/div>\n\t\t\t\t<\/div>\n\t\t\t\t<\/div>\n\t\t\t\t<\/div>\n\t\t\t\t\t<\/div>\n\t\t\t\t<\/div>\n\t\t<div class=\"elementor-element elementor-element-9d4a350 e-con-full e-flex e-con e-parent\" data-id=\"9d4a350\" data-element_type=\"container\" data-e-type=\"container\">\n\t\t<div class=\"elementor-element elementor-element-4900b9a e-con-full e-flex e-con e-child\" data-id=\"4900b9a\" data-element_type=\"container\" data-e-type=\"container\">\n\t\t\t\t<div class=\"elementor-element elementor-element-510dcdd elementor-widget elementor-widget-image\" data-id=\"510dcdd\" data-element_type=\"widget\" data-e-type=\"widget\" data-widget_type=\"image.default\">\n\t\t\t\t<div class=\"elementor-widget-container\">\n\t\t\t\t\t\t\t\t\t\t\t\t\t\t\t<img decoding=\"async\" width=\"800\" height=\"800\" src=\"https:\/\/arkapogrzeby.pl\/wp-content\/uploads\/2025\/01\/10-1024x1024.png\" class=\"attachment-large size-large wp-image-975\" alt=\"\" srcset=\"https:\/\/arkapogrzeby.pl\/wp-content\/uploads\/2025\/01\/10-1024x1024.png 1024w, https:\/\/arkapogrzeby.pl\/wp-content\/uploads\/2025\/01\/10-300x300.png 300w, https:\/\/arkapogrzeby.pl\/wp-content\/uploads\/2025\/01\/10-150x150.png 150w, https:\/\/arkapogrzeby.pl\/wp-content\/uploads\/2025\/01\/10-768x768.png 768w, https:\/\/arkapogrzeby.pl\/wp-content\/uploads\/2025\/01\/10.png 1080w\" sizes=\"(max-width: 800px) 100vw, 800px\" \/>\t\t\t\t\t\t\t\t\t\t\t\t\t\t\t<\/div>\n\t\t\t\t<\/div>\n\t\t\t\t<\/div>\n\t\t<div class=\"elementor-element elementor-element-6b88797 e-con-full e-flex e-con e-child\" data-id=\"6b88797\" data-element_type=\"container\" data-e-type=\"container\">\n\t\t\t\t<div class=\"elementor-element elementor-element-209fecd elementor-widget elementor-widget-image\" data-id=\"209fecd\" data-element_type=\"widget\" data-e-type=\"widget\" data-widget_type=\"image.default\">\n\t\t\t\t<div class=\"elementor-widget-container\">\n\t\t\t\t\t\t\t\t\t\t\t\t\t\t\t<img loading=\"lazy\" decoding=\"async\" width=\"800\" height=\"800\" src=\"https:\/\/arkapogrzeby.pl\/wp-content\/uploads\/2025\/01\/11-1024x1024.png\" class=\"attachment-large size-large wp-image-976\" alt=\"\" srcset=\"https:\/\/arkapogrzeby.pl\/wp-content\/uploads\/2025\/01\/11-1024x1024.png 1024w, https:\/\/arkapogrzeby.pl\/wp-content\/uploads\/2025\/01\/11-300x300.png 300w, https:\/\/arkapogrzeby.pl\/wp-content\/uploads\/2025\/01\/11-150x150.png 150w, https:\/\/arkapogrzeby.pl\/wp-content\/uploads\/2025\/01\/11-768x768.png 768w, https:\/\/arkapogrzeby.pl\/wp-content\/uploads\/2025\/01\/11.png 1080w\" sizes=\"(max-width: 800px) 100vw, 800px\" \/>\t\t\t\t\t\t\t\t\t\t\t\t\t\t\t<\/div>\n\t\t\t\t<\/div>\n\t\t\t\t<\/div>\n\t\t<div class=\"elementor-element elementor-element-d776cbe e-con-full e-flex e-con e-child\" data-id=\"d776cbe\" data-element_type=\"container\" data-e-type=\"container\">\n\t\t\t\t<div class=\"elementor-element elementor-element-1ecae3e elementor-widget elementor-widget-image\" data-id=\"1ecae3e\" data-element_type=\"widget\" data-e-type=\"widget\" data-widget_type=\"image.default\">\n\t\t\t\t<div class=\"elementor-widget-container\">\n\t\t\t\t\t\t\t\t\t\t\t\t\t\t\t<img loading=\"lazy\" decoding=\"async\" width=\"800\" height=\"800\" src=\"https:\/\/arkapogrzeby.pl\/wp-content\/uploads\/2025\/01\/12-1024x1024.png\" class=\"attachment-large size-large wp-image-977\" alt=\"\" srcset=\"https:\/\/arkapogrzeby.pl\/wp-content\/uploads\/2025\/01\/12-1024x1024.png 1024w, https:\/\/arkapogrzeby.pl\/wp-content\/uploads\/2025\/01\/12-300x300.png 300w, https:\/\/arkapogrzeby.pl\/wp-content\/uploads\/2025\/01\/12-150x150.png 150w, https:\/\/arkapogrzeby.pl\/wp-content\/uploads\/2025\/01\/12-768x768.png 768w, https:\/\/arkapogrzeby.pl\/wp-content\/uploads\/2025\/01\/12.png 1080w\" sizes=\"(max-width: 800px) 100vw, 800px\" \/>\t\t\t\t\t\t\t\t\t\t\t\t\t\t\t<\/div>\n\t\t\t\t<\/div>\n\t\t\t\t<\/div>\n\t\t<div class=\"elementor-element elementor-element-73c3079 e-con-full e-flex e-con e-child\" data-id=\"73c3079\" data-element_type=\"container\" data-e-type=\"container\">\n\t\t\t\t<div class=\"elementor-element elementor-element-f1017bd elementor-widget elementor-widget-image\" data-id=\"f1017bd\" data-element_type=\"widget\" data-e-type=\"widget\" data-widget_type=\"image.default\">\n\t\t\t\t<div class=\"elementor-widget-container\">\n\t\t\t\t\t\t\t\t\t\t\t\t\t\t\t<img loading=\"lazy\" decoding=\"async\" width=\"800\" height=\"800\" src=\"https:\/\/arkapogrzeby.pl\/wp-content\/uploads\/2025\/01\/13-1024x1024.png\" class=\"attachment-large size-large wp-image-978\" alt=\"\" srcset=\"https:\/\/arkapogrzeby.pl\/wp-content\/uploads\/2025\/01\/13-1024x1024.png 1024w, https:\/\/arkapogrzeby.pl\/wp-content\/uploads\/2025\/01\/13-300x300.png 300w, https:\/\/arkapogrzeby.pl\/wp-content\/uploads\/2025\/01\/13-150x150.png 150w, https:\/\/arkapogrzeby.pl\/wp-content\/uploads\/2025\/01\/13-768x768.png 768w, https:\/\/arkapogrzeby.pl\/wp-content\/uploads\/2025\/01\/13.png 1080w\" sizes=\"(max-width: 800px) 100vw, 800px\" \/>\t\t\t\t\t\t\t\t\t\t\t\t\t\t\t<\/div>\n\t\t\t\t<\/div>\n\t\t\t\t<\/div>\n\t\t<div class=\"elementor-element elementor-element-22f1830 e-con-full e-flex e-con e-child\" data-id=\"22f1830\" data-element_type=\"container\" data-e-type=\"container\">\n\t\t\t\t<div class=\"elementor-element elementor-element-60968d4 elementor-widget elementor-widget-image\" data-id=\"60968d4\" data-element_type=\"widget\" data-e-type=\"widget\" data-widget_type=\"image.default\">\n\t\t\t\t<div class=\"elementor-widget-container\">\n\t\t\t\t\t\t\t\t\t\t\t\t\t\t\t<img loading=\"lazy\" decoding=\"async\" width=\"800\" height=\"800\" src=\"https:\/\/arkapogrzeby.pl\/wp-content\/uploads\/2025\/01\/14-1024x1024.png\" class=\"attachment-large size-large wp-image-979\" alt=\"\" srcset=\"https:\/\/arkapogrzeby.pl\/wp-content\/uploads\/2025\/01\/14-1024x1024.png 1024w, https:\/\/arkapogrzeby.pl\/wp-content\/uploads\/2025\/01\/14-300x300.png 300w, https:\/\/arkapogrzeby.pl\/wp-content\/uploads\/2025\/01\/14-150x150.png 150w, https:\/\/arkapogrzeby.pl\/wp-content\/uploads\/2025\/01\/14-768x768.png 768w, https:\/\/arkapogrzeby.pl\/wp-content\/uploads\/2025\/01\/14.png 1080w\" sizes=\"(max-width: 800px) 100vw, 800px\" \/>\t\t\t\t\t\t\t\t\t\t\t\t\t\t\t<\/div>\n\t\t\t\t<\/div>\n\t\t\t\t<\/div>\n\t\t<div class=\"elementor-element elementor-element-3c8bead e-con-full e-flex e-con e-child\" data-id=\"3c8bead\" data-element_type=\"container\" data-e-type=\"container\">\n\t\t\t\t<div class=\"elementor-element elementor-element-4614031 elementor-widget elementor-widget-image\" data-id=\"4614031\" data-element_type=\"widget\" data-e-type=\"widget\" data-widget_type=\"image.default\">\n\t\t\t\t<div class=\"elementor-widget-container\">\n\t\t\t\t\t\t\t\t\t\t\t\t\t\t\t<img loading=\"lazy\" decoding=\"async\" width=\"800\" height=\"800\" src=\"https:\/\/arkapogrzeby.pl\/wp-content\/uploads\/2025\/01\/15-1024x1024.png\" class=\"attachment-large size-large wp-image-980\" alt=\"\" srcset=\"https:\/\/arkapogrzeby.pl\/wp-content\/uploads\/2025\/01\/15-1024x1024.png 1024w, https:\/\/arkapogrzeby.pl\/wp-content\/uploads\/2025\/01\/15-300x300.png 300w, https:\/\/arkapogrzeby.pl\/wp-content\/uploads\/2025\/01\/15-150x150.png 150w, https:\/\/arkapogrzeby.pl\/wp-content\/uploads\/2025\/01\/15-768x768.png 768w, https:\/\/arkapogrzeby.pl\/wp-content\/uploads\/2025\/01\/15.png 1080w\" sizes=\"(max-width: 800px) 100vw, 800px\" \/>\t\t\t\t\t\t\t\t\t\t\t\t\t\t\t<\/div>\n\t\t\t\t<\/div>\n\t\t\t\t<\/div>\n\t\t<div class=\"elementor-element elementor-element-7a014a5 e-con-full e-flex e-con e-child\" data-id=\"7a014a5\" data-element_type=\"container\" data-e-type=\"container\">\n\t\t\t\t<div class=\"elementor-element elementor-element-1020e8f elementor-widget elementor-widget-image\" data-id=\"1020e8f\" data-element_type=\"widget\" data-e-type=\"widget\" data-widget_type=\"image.default\">\n\t\t\t\t<div class=\"elementor-widget-container\">\n\t\t\t\t\t\t\t\t\t\t\t\t\t\t\t<img loading=\"lazy\" decoding=\"async\" width=\"800\" height=\"800\" src=\"https:\/\/arkapogrzeby.pl\/wp-content\/uploads\/2025\/01\/16-1024x1024.png\" class=\"attachment-large size-large wp-image-981\" alt=\"\" srcset=\"https:\/\/arkapogrzeby.pl\/wp-content\/uploads\/2025\/01\/16-1024x1024.png 1024w, https:\/\/arkapogrzeby.pl\/wp-content\/uploads\/2025\/01\/16-300x300.png 300w, https:\/\/arkapogrzeby.pl\/wp-content\/uploads\/2025\/01\/16-150x150.png 150w, https:\/\/arkapogrzeby.pl\/wp-content\/uploads\/2025\/01\/16-768x768.png 768w, https:\/\/arkapogrzeby.pl\/wp-content\/uploads\/2025\/01\/16.png 1080w\" sizes=\"(max-width: 800px) 100vw, 800px\" \/>\t\t\t\t\t\t\t\t\t\t\t\t\t\t\t<\/div>\n\t\t\t\t<\/div>\n\t\t\t\t<\/div>\n\t\t<div class=\"elementor-element elementor-element-9df89d8 e-con-full e-flex e-con e-child\" data-id=\"9df89d8\" data-element_type=\"container\" data-e-type=\"container\">\n\t\t\t\t<div class=\"elementor-element elementor-element-8d0cf13 elementor-widget elementor-widget-image\" data-id=\"8d0cf13\" data-element_type=\"widget\" data-e-type=\"widget\" data-widget_type=\"image.default\">\n\t\t\t\t<div class=\"elementor-widget-container\">\n\t\t\t\t\t\t\t\t\t\t\t\t\t\t\t<img loading=\"lazy\" decoding=\"async\" width=\"800\" height=\"800\" src=\"https:\/\/arkapogrzeby.pl\/wp-content\/uploads\/2025\/01\/17-1024x1024.png\" class=\"attachment-large size-large wp-image-982\" alt=\"\" srcset=\"https:\/\/arkapogrzeby.pl\/wp-content\/uploads\/2025\/01\/17-1024x1024.png 1024w, https:\/\/arkapogrzeby.pl\/wp-content\/uploads\/2025\/01\/17-300x300.png 300w, https:\/\/arkapogrzeby.pl\/wp-content\/uploads\/2025\/01\/17-150x150.png 150w, https:\/\/arkapogrzeby.pl\/wp-content\/uploads\/2025\/01\/17-768x768.png 768w, https:\/\/arkapogrzeby.pl\/wp-content\/uploads\/2025\/01\/17.png 1080w\" sizes=\"(max-width: 800px) 100vw, 800px\" \/>\t\t\t\t\t\t\t\t\t\t\t\t\t\t\t<\/div>\n\t\t\t\t<\/div>\n\t\t\t\t<\/div>\n\t\t<div class=\"elementor-element elementor-element-bd5cbf1 e-con-full e-flex e-con e-child\" data-id=\"bd5cbf1\" data-element_type=\"container\" data-e-type=\"container\">\n\t\t\t\t<div class=\"elementor-element elementor-element-bcde523 elementor-widget elementor-widget-image\" data-id=\"bcde523\" data-element_type=\"widget\" data-e-type=\"widget\" data-widget_type=\"image.default\">\n\t\t\t\t<div class=\"elementor-widget-container\">\n\t\t\t\t\t\t\t\t\t\t\t\t\t\t\t<img loading=\"lazy\" decoding=\"async\" width=\"800\" height=\"800\" src=\"https:\/\/arkapogrzeby.pl\/wp-content\/uploads\/2025\/01\/18-1024x1024.png\" class=\"attachment-large size-large wp-image-983\" alt=\"\" srcset=\"https:\/\/arkapogrzeby.pl\/wp-content\/uploads\/2025\/01\/18-1024x1024.png 1024w, https:\/\/arkapogrzeby.pl\/wp-content\/uploads\/2025\/01\/18-300x300.png 300w, https:\/\/arkapogrzeby.pl\/wp-content\/uploads\/2025\/01\/18-150x150.png 150w, https:\/\/arkapogrzeby.pl\/wp-content\/uploads\/2025\/01\/18-768x768.png 768w, https:\/\/arkapogrzeby.pl\/wp-content\/uploads\/2025\/01\/18.png 1080w\" sizes=\"(max-width: 800px) 100vw, 800px\" \/>\t\t\t\t\t\t\t\t\t\t\t\t\t\t\t<\/div>\n\t\t\t\t<\/div>\n\t\t\t\t<\/div>\n\t\t\t\t<\/div>\n\t\t\t\t<\/div>\n\t\t","protected":false},"excerpt":{"rendered":"<p>Kwiaty Oferujemy szeroki wyb\u00f3r kompozycji kwiatowych na ostatnie po\u017cegnanie \u2013 od subtelnych wi\u0105zanek &nbsp;na trumn\u0119 lub urn\u0119 po eleganckie wie\u0144ce &#8211; klasyczne, serca&nbsp; oraz wie\u0144ce rzymskie. &nbsp;Przygotowane przez naszego floryst\u0119&nbsp; kompozycje&nbsp;&nbsp; oddaj\u0105&nbsp; g\u0142\u0119bi\u0119 uczu\u0107 i s\u0105 godnym wyrazem szacunku bliskich dla Zmar\u0142ego. Doradzamy w wyborze odpowiednich kwiat\u00f3w i kompozycji, realizujemy indywidualne&nbsp; \u017cyczenia.&nbsp;&nbsp; Kwiaty dostarczamy na [&hellip;]<\/p>\n","protected":false},"author":2,"featured_media":0,"parent":0,"menu_order":0,"comment_status":"closed","ping_status":"closed","template":"elementor_header_footer","meta":{"_themeisle_gutenberg_block_has_review":false,"footnotes":""},"class_list":["post-395","page","type-page","status-publish","hentry"],"_links":{"self":[{"href":"https:\/\/arkapogrzeby.pl\/index.php\/wp-json\/wp\/v2\/pages\/395","targetHints":{"allow":["GET"]}}],"collection":[{"href":"https:\/\/arkapogrzeby.pl\/index.php\/wp-json\/wp\/v2\/pages"}],"about":[{"href":"https:\/\/arkapogrzeby.pl\/index.php\/wp-json\/wp\/v2\/types\/page"}],"author":[{"embeddable":true,"href":"https:\/\/arkapogrzeby.pl\/index.php\/wp-json\/wp\/v2\/users\/2"}],"replies":[{"embeddable":true,"href":"https:\/\/arkapogrzeby.pl\/index.php\/wp-json\/wp\/v2\/comments?post=395"}],"version-history":[{"count":33,"href":"https:\/\/arkapogrzeby.pl\/index.php\/wp-json\/wp\/v2\/pages\/395\/revisions"}],"predecessor-version":[{"id":1192,"href":"https:\/\/arkapogrzeby.pl\/index.php\/wp-json\/wp\/v2\/pages\/395\/revisions\/1192"}],"wp:attachment":[{"href":"https:\/\/arkapogrzeby.pl\/index.php\/wp-json\/wp\/v2\/media?parent=395"}],"curies":[{"name":"wp","href":"https:\/\/api.w.org\/{rel}","templated":true}]}}