{"id":393,"date":"2024-10-25T10:38:46","date_gmt":"2024-10-25T10:38:46","guid":{"rendered":"https:\/\/arkapogrzeby.pl\/?page_id=393"},"modified":"2025-01-15T19:22:17","modified_gmt":"2025-01-15T19:22:17","slug":"opieka-nad-grobami","status":"publish","type":"page","link":"https:\/\/arkapogrzeby.pl\/index.php\/opieka-nad-grobami\/","title":{"rendered":"Opieka nad grobami"},"content":{"rendered":"\t\t<div data-elementor-type=\"wp-page\" data-elementor-id=\"393\" class=\"elementor elementor-393\" data-elementor-post-type=\"page\">\n\t\t\t\t<div class=\"elementor-element elementor-element-12ecec7f e-flex e-con-boxed e-con e-parent\" data-id=\"12ecec7f\" data-element_type=\"container\" data-e-type=\"container\">\n\t\t\t\t\t<div class=\"e-con-inner\">\n\t\t<div class=\"elementor-element elementor-element-2b6c4ade e-con-full e-flex e-con e-child\" data-id=\"2b6c4ade\" data-element_type=\"container\" data-e-type=\"container\">\n\t\t\t\t<div class=\"elementor-element elementor-element-422dd1ba elementor-widget__width-initial elementor-absolute elementor-widget elementor-widget-spacer\" data-id=\"422dd1ba\" data-element_type=\"widget\" data-e-type=\"widget\" data-settings=\"{&quot;_position&quot;:&quot;absolute&quot;}\" data-widget_type=\"spacer.default\">\n\t\t\t\t<div class=\"elementor-widget-container\">\n\t\t\t\t\t\t\t<div class=\"elementor-spacer\">\n\t\t\t<div class=\"elementor-spacer-inner\"><\/div>\n\t\t<\/div>\n\t\t\t\t\t\t<\/div>\n\t\t\t\t<\/div>\n\t\t\t\t<div class=\"elementor-element elementor-element-6fcec10 elementor-widget elementor-widget-heading\" data-id=\"6fcec10\" data-element_type=\"widget\" data-e-type=\"widget\" data-widget_type=\"heading.default\">\n\t\t\t\t<div class=\"elementor-widget-container\">\n\t\t\t\t\t<h1 class=\"elementor-heading-title elementor-size-default\">Opieka nad grobami<\/h1>\t\t\t\t<\/div>\n\t\t\t\t<\/div>\n\t\t\t\t<div class=\"elementor-element elementor-element-50d15f58 elementor-widget elementor-widget-text-editor\" data-id=\"50d15f58\" data-element_type=\"widget\" data-e-type=\"widget\" data-widget_type=\"text-editor.default\">\n\t\t\t\t<div class=\"elementor-widget-container\">\n\t\t\t\t\t\t\t\t\t<p>Nasza us\u0142uga opieki nad grobami zapewnia troskliw\u0105 i regularn\u0105 piel\u0119gnacj\u0119 miejsc poch\u00f3wku. Zajmujemy si\u0119 myciem, sprz\u0105taniem, oraz ozdob\u0105 nagrobk\u00f3w, dostosowuj\u0105c zakres prac do indywidualnych potrzeb klienta. Gwarantujemy dba\u0142o\u015b\u0107 o szczeg\u00f3\u0142y oraz poszanowanie miejsca spoczynku Pa\u0144stwa bliskich.<\/p>\t\t\t\t\t\t\t\t<\/div>\n\t\t\t\t<\/div>\n\t\t\t\t<\/div>\n\t\t<div class=\"elementor-element elementor-element-7a97840a e-con-full e-flex e-con e-child\" data-id=\"7a97840a\" data-element_type=\"container\" data-e-type=\"container\" data-settings=\"{&quot;background_background&quot;:&quot;classic&quot;}\">\n\t\t\t\t<div class=\"elementor-element elementor-element-73133db elementor-widget elementor-widget-image\" data-id=\"73133db\" data-element_type=\"widget\" data-e-type=\"widget\" data-widget_type=\"image.default\">\n\t\t\t\t<div class=\"elementor-widget-container\">\n\t\t\t\t\t\t\t\t\t\t\t\t\t\t\t<img fetchpriority=\"high\" decoding=\"async\" width=\"800\" height=\"534\" src=\"https:\/\/arkapogrzeby.pl\/wp-content\/uploads\/2024\/10\/all-saints-day-burning-candles-flowers-gravescandles-graves-symbolize-memory-dead-november-1catholic-cemetery-all-saints-dayselective-focus-1-1024x684.jpg\" class=\"attachment-large size-large wp-image-473\" alt=\"\" srcset=\"https:\/\/arkapogrzeby.pl\/wp-content\/uploads\/2024\/10\/all-saints-day-burning-candles-flowers-gravescandles-graves-symbolize-memory-dead-november-1catholic-cemetery-all-saints-dayselective-focus-1-1024x684.jpg 1024w, https:\/\/arkapogrzeby.pl\/wp-content\/uploads\/2024\/10\/all-saints-day-burning-candles-flowers-gravescandles-graves-symbolize-memory-dead-november-1catholic-cemetery-all-saints-dayselective-focus-1-300x200.jpg 300w, https:\/\/arkapogrzeby.pl\/wp-content\/uploads\/2024\/10\/all-saints-day-burning-candles-flowers-gravescandles-graves-symbolize-memory-dead-november-1catholic-cemetery-all-saints-dayselective-focus-1-768x513.jpg 768w, https:\/\/arkapogrzeby.pl\/wp-content\/uploads\/2024\/10\/all-saints-day-burning-candles-flowers-gravescandles-graves-symbolize-memory-dead-november-1catholic-cemetery-all-saints-dayselective-focus-1-1536x1025.jpg 1536w, https:\/\/arkapogrzeby.pl\/wp-content\/uploads\/2024\/10\/all-saints-day-burning-candles-flowers-gravescandles-graves-symbolize-memory-dead-november-1catholic-cemetery-all-saints-dayselective-focus-1-2048x1367.jpg 2048w\" sizes=\"(max-width: 800px) 100vw, 800px\" \/>\t\t\t\t\t\t\t\t\t\t\t\t\t\t\t<\/div>\n\t\t\t\t<\/div>\n\t\t\t\t<\/div>\n\t\t\t\t\t<\/div>\n\t\t\t\t<\/div>\n\t\t\t\t<\/div>\n\t\t","protected":false},"excerpt":{"rendered":"<p>Opieka nad grobami Nasza us\u0142uga opieki nad grobami zapewnia troskliw\u0105 i regularn\u0105 piel\u0119gnacj\u0119 miejsc poch\u00f3wku. Zajmujemy si\u0119 myciem, sprz\u0105taniem, oraz ozdob\u0105 nagrobk\u00f3w, dostosowuj\u0105c zakres prac do indywidualnych potrzeb klienta. Gwarantujemy dba\u0142o\u015b\u0107 o szczeg\u00f3\u0142y oraz poszanowanie miejsca spoczynku Pa\u0144stwa bliskich.<\/p>\n","protected":false},"author":2,"featured_media":0,"parent":0,"menu_order":0,"comment_status":"closed","ping_status":"closed","template":"elementor_header_footer","meta":{"_themeisle_gutenberg_block_has_review":false,"footnotes":""},"class_list":["post-393","page","type-page","status-publish","hentry"],"_links":{"self":[{"href":"https:\/\/arkapogrzeby.pl\/index.php\/wp-json\/wp\/v2\/pages\/393","targetHints":{"allow":["GET"]}}],"collection":[{"href":"https:\/\/arkapogrzeby.pl\/index.php\/wp-json\/wp\/v2\/pages"}],"about":[{"href":"https:\/\/arkapogrzeby.pl\/index.php\/wp-json\/wp\/v2\/types\/page"}],"author":[{"embeddable":true,"href":"https:\/\/arkapogrzeby.pl\/index.php\/wp-json\/wp\/v2\/users\/2"}],"replies":[{"embeddable":true,"href":"https:\/\/arkapogrzeby.pl\/index.php\/wp-json\/wp\/v2\/comments?post=393"}],"version-history":[{"count":11,"href":"https:\/\/arkapogrzeby.pl\/index.php\/wp-json\/wp\/v2\/pages\/393\/revisions"}],"predecessor-version":[{"id":1059,"href":"https:\/\/arkapogrzeby.pl\/index.php\/wp-json\/wp\/v2\/pages\/393\/revisions\/1059"}],"wp:attachment":[{"href":"https:\/\/arkapogrzeby.pl\/index.php\/wp-json\/wp\/v2\/media?parent=393"}],"curies":[{"name":"wp","href":"https:\/\/api.w.org\/{rel}","templated":true}]}}