{"id":389,"date":"2024-10-25T10:34:54","date_gmt":"2024-10-25T10:34:54","guid":{"rendered":"https:\/\/arkapogrzeby.pl\/?page_id=389"},"modified":"2025-01-15T19:21:15","modified_gmt":"2025-01-15T19:21:15","slug":"transport-zmarlych","status":"publish","type":"page","link":"https:\/\/arkapogrzeby.pl\/index.php\/transport-zmarlych\/","title":{"rendered":"Transport Zmar\u0142ych"},"content":{"rendered":"\t\t<div data-elementor-type=\"wp-page\" data-elementor-id=\"389\" class=\"elementor elementor-389\" data-elementor-post-type=\"page\">\n\t\t\t\t<div class=\"elementor-element elementor-element-12ecec7f e-flex e-con-boxed e-con e-parent\" data-id=\"12ecec7f\" data-element_type=\"container\" data-e-type=\"container\">\n\t\t\t\t\t<div class=\"e-con-inner\">\n\t\t<div class=\"elementor-element elementor-element-2b6c4ade e-con-full e-flex e-con e-child\" data-id=\"2b6c4ade\" data-element_type=\"container\" data-e-type=\"container\">\n\t\t\t\t<div class=\"elementor-element elementor-element-422dd1ba elementor-widget__width-initial elementor-absolute elementor-widget elementor-widget-spacer\" data-id=\"422dd1ba\" data-element_type=\"widget\" data-e-type=\"widget\" data-settings=\"{&quot;_position&quot;:&quot;absolute&quot;}\" data-widget_type=\"spacer.default\">\n\t\t\t\t<div class=\"elementor-widget-container\">\n\t\t\t\t\t\t\t<div class=\"elementor-spacer\">\n\t\t\t<div class=\"elementor-spacer-inner\"><\/div>\n\t\t<\/div>\n\t\t\t\t\t\t<\/div>\n\t\t\t\t<\/div>\n\t\t\t\t<div class=\"elementor-element elementor-element-6fcec10 elementor-widget elementor-widget-heading\" data-id=\"6fcec10\" data-element_type=\"widget\" data-e-type=\"widget\" data-widget_type=\"heading.default\">\n\t\t\t\t<div class=\"elementor-widget-container\">\n\t\t\t\t\t<h1 class=\"elementor-heading-title elementor-size-default\">Transport Zmar\u0142ych<\/h1>\t\t\t\t<\/div>\n\t\t\t\t<\/div>\n\t\t\t\t<div class=\"elementor-element elementor-element-50d15f58 elementor-widget elementor-widget-text-editor\" data-id=\"50d15f58\" data-element_type=\"widget\" data-e-type=\"widget\" data-widget_type=\"text-editor.default\">\n\t\t\t\t<div class=\"elementor-widget-container\">\n\t\t\t\t\t\t\t\t\t<p>Oferujemy kompleksowe us\u0142ugi transportu zmar\u0142ych w kraju i z zagranicy, zapewniaj\u0105c pe\u0142ne wsparcie i szacunek na\u00a0 ka\u017cdym etapie przewozu. Zdajemy sobie spraw\u0119, jak wa\u017cna jest dba\u0142o\u015b\u0107 o szczeg\u00f3\u0142y oraz delikatno\u015b\u0107 w trudnych momentach, dlatego nasze us\u0142ugi realizujemy z zachowaniem najwy\u017cszych standard\u00f3w. Nasz profesjonalny zesp\u00f3\u0142 pozostaje do dyspozycji przez ca\u0142\u0105 dob\u0119, aby zapewni\u0107 bezpieczny oraz godny przew\u00f3z bliskiej osoby.\u00a0<\/p>\t\t\t\t\t\t\t\t<\/div>\n\t\t\t\t<\/div>\n\t\t\t\t<\/div>\n\t\t<div class=\"elementor-element elementor-element-7a97840a e-con-full e-flex e-con e-child\" data-id=\"7a97840a\" data-element_type=\"container\" data-e-type=\"container\" data-settings=\"{&quot;background_background&quot;:&quot;classic&quot;}\">\n\t\t\t\t<div class=\"elementor-element elementor-element-5aaea0a elementor-widget elementor-widget-image\" data-id=\"5aaea0a\" data-element_type=\"widget\" data-e-type=\"widget\" data-widget_type=\"image.default\">\n\t\t\t\t<div class=\"elementor-widget-container\">\n\t\t\t\t\t\t\t\t\t\t\t\t\t\t\t<img fetchpriority=\"high\" decoding=\"async\" width=\"800\" height=\"400\" src=\"https:\/\/arkapogrzeby.pl\/wp-content\/uploads\/2025\/01\/3.png\" class=\"attachment-large size-large wp-image-883\" alt=\"\" srcset=\"https:\/\/arkapogrzeby.pl\/wp-content\/uploads\/2025\/01\/3.png 1000w, https:\/\/arkapogrzeby.pl\/wp-content\/uploads\/2025\/01\/3-300x150.png 300w, https:\/\/arkapogrzeby.pl\/wp-content\/uploads\/2025\/01\/3-768x384.png 768w\" sizes=\"(max-width: 800px) 100vw, 800px\" \/>\t\t\t\t\t\t\t\t\t\t\t\t\t\t\t<\/div>\n\t\t\t\t<\/div>\n\t\t\t\t<\/div>\n\t\t\t\t\t<\/div>\n\t\t\t\t<\/div>\n\t\t\t\t<\/div>\n\t\t","protected":false},"excerpt":{"rendered":"<p>Transport Zmar\u0142ych Oferujemy kompleksowe us\u0142ugi transportu zmar\u0142ych w kraju i z zagranicy, zapewniaj\u0105c pe\u0142ne wsparcie i szacunek na\u00a0 ka\u017cdym etapie przewozu. Zdajemy sobie spraw\u0119, jak wa\u017cna jest dba\u0142o\u015b\u0107 o szczeg\u00f3\u0142y oraz delikatno\u015b\u0107 w trudnych momentach, dlatego nasze us\u0142ugi realizujemy z zachowaniem najwy\u017cszych standard\u00f3w. Nasz profesjonalny zesp\u00f3\u0142 pozostaje do dyspozycji przez ca\u0142\u0105 dob\u0119, aby zapewni\u0107 bezpieczny [&hellip;]<\/p>\n","protected":false},"author":2,"featured_media":0,"parent":0,"menu_order":0,"comment_status":"closed","ping_status":"closed","template":"elementor_header_footer","meta":{"_themeisle_gutenberg_block_has_review":false,"footnotes":""},"class_list":["post-389","page","type-page","status-publish","hentry"],"_links":{"self":[{"href":"https:\/\/arkapogrzeby.pl\/index.php\/wp-json\/wp\/v2\/pages\/389","targetHints":{"allow":["GET"]}}],"collection":[{"href":"https:\/\/arkapogrzeby.pl\/index.php\/wp-json\/wp\/v2\/pages"}],"about":[{"href":"https:\/\/arkapogrzeby.pl\/index.php\/wp-json\/wp\/v2\/types\/page"}],"author":[{"embeddable":true,"href":"https:\/\/arkapogrzeby.pl\/index.php\/wp-json\/wp\/v2\/users\/2"}],"replies":[{"embeddable":true,"href":"https:\/\/arkapogrzeby.pl\/index.php\/wp-json\/wp\/v2\/comments?post=389"}],"version-history":[{"count":18,"href":"https:\/\/arkapogrzeby.pl\/index.php\/wp-json\/wp\/v2\/pages\/389\/revisions"}],"predecessor-version":[{"id":1056,"href":"https:\/\/arkapogrzeby.pl\/index.php\/wp-json\/wp\/v2\/pages\/389\/revisions\/1056"}],"wp:attachment":[{"href":"https:\/\/arkapogrzeby.pl\/index.php\/wp-json\/wp\/v2\/media?parent=389"}],"curies":[{"name":"wp","href":"https:\/\/api.w.org\/{rel}","templated":true}]}}