{"id":387,"date":"2024-10-25T10:35:11","date_gmt":"2024-10-25T10:35:11","guid":{"rendered":"https:\/\/arkapogrzeby.pl\/?page_id=387"},"modified":"2025-03-06T08:37:47","modified_gmt":"2025-03-06T08:37:47","slug":"oprawa-muzyczna","status":"publish","type":"page","link":"https:\/\/arkapogrzeby.pl\/index.php\/oprawa-muzyczna\/","title":{"rendered":"Oprawa muzyczna"},"content":{"rendered":"\t\t<div data-elementor-type=\"wp-page\" data-elementor-id=\"387\" class=\"elementor elementor-387\" data-elementor-post-type=\"page\">\n\t\t\t\t<div class=\"elementor-element elementor-element-877409d e-flex e-con-boxed e-con e-parent\" data-id=\"877409d\" data-element_type=\"container\" data-e-type=\"container\">\n\t\t\t\t\t<div class=\"e-con-inner\">\n\t\t<div class=\"elementor-element elementor-element-ede2074 e-con-full e-flex e-con e-child\" data-id=\"ede2074\" data-element_type=\"container\" data-e-type=\"container\">\n\t\t\t\t<div class=\"elementor-element elementor-element-29a1428 elementor-widget__width-initial elementor-absolute elementor-widget elementor-widget-spacer\" data-id=\"29a1428\" data-element_type=\"widget\" data-e-type=\"widget\" data-settings=\"{&quot;_position&quot;:&quot;absolute&quot;}\" data-widget_type=\"spacer.default\">\n\t\t\t\t<div class=\"elementor-widget-container\">\n\t\t\t\t\t\t\t<div class=\"elementor-spacer\">\n\t\t\t<div class=\"elementor-spacer-inner\"><\/div>\n\t\t<\/div>\n\t\t\t\t\t\t<\/div>\n\t\t\t\t<\/div>\n\t\t\t\t<div class=\"elementor-element elementor-element-22bddc8 elementor-widget elementor-widget-heading\" data-id=\"22bddc8\" data-element_type=\"widget\" data-e-type=\"widget\" data-widget_type=\"heading.default\">\n\t\t\t\t<div class=\"elementor-widget-container\">\n\t\t\t\t\t<h1 class=\"elementor-heading-title elementor-size-default\">Oprawa muzyczna<\/h1>\t\t\t\t<\/div>\n\t\t\t\t<\/div>\n\t\t\t\t<div class=\"elementor-element elementor-element-8e517fc elementor-widget elementor-widget-text-editor\" data-id=\"8e517fc\" data-element_type=\"widget\" data-e-type=\"widget\" data-widget_type=\"text-editor.default\">\n\t\t\t\t<div class=\"elementor-widget-container\">\n\t\t\t\t\t\t\t\t\t<p>Standardowo u\u015bwietniamy uroczysto\u015b\u0107 na cmentarzu odtwarzaj\u0105c utwory muzyczne. Na \u017cyczenie rodziny \u00a0mo\u017cemy\u00a0 u\u015bwietni\u0107 ceremoni\u0119 pogrzebow\u0105\u00a0 w ko\u015bciele i na cmentarzu poprzez wykonanie na \u017cywo przez muzyka kilku\u00a0 utwor\u00f3w\u00a0 na skrzypcach lub tr\u0105bce.<\/p><p>W naszej ofercie mamy wysokiej jako\u015bci trumny i trumienki produkowane przez wielopokoleniowe zak\u0142ady stolarskie.\u00a0 Rodziny zmar\u0142ych mog\u0105 wybiera\u0107 spo\u015br\u00f3d wielu rodzaj\u00f3w drewna, barw, wyko\u0144cze\u0144 i zdobie\u0144 w r\u00f3\u017cnych cenach. Realizujemy tak\u017ce indywidualne zam\u00f3wienia.<\/p>\t\t\t\t\t\t\t\t<\/div>\n\t\t\t\t<\/div>\n\t\t\t\t<\/div>\n\t\t<div class=\"elementor-element elementor-element-f204e4b e-con-full e-flex e-con e-child\" data-id=\"f204e4b\" data-element_type=\"container\" data-e-type=\"container\" data-settings=\"{&quot;background_background&quot;:&quot;classic&quot;}\">\n\t\t\t\t<div class=\"elementor-element elementor-element-9e84d1c elementor-widget elementor-widget-image\" data-id=\"9e84d1c\" data-element_type=\"widget\" data-e-type=\"widget\" data-widget_type=\"image.default\">\n\t\t\t\t<div class=\"elementor-widget-container\">\n\t\t\t\t\t\t\t\t\t\t\t\t\t\t\t<img fetchpriority=\"high\" decoding=\"async\" width=\"800\" height=\"534\" src=\"https:\/\/arkapogrzeby.pl\/wp-content\/uploads\/2025\/01\/young-handsome-trumpeter-formal-clothes-playing-his-musical-instrument-autumn-park-1024x683.jpg\" class=\"attachment-large size-large wp-image-1074\" alt=\"\" srcset=\"https:\/\/arkapogrzeby.pl\/wp-content\/uploads\/2025\/01\/young-handsome-trumpeter-formal-clothes-playing-his-musical-instrument-autumn-park-1024x683.jpg 1024w, https:\/\/arkapogrzeby.pl\/wp-content\/uploads\/2025\/01\/young-handsome-trumpeter-formal-clothes-playing-his-musical-instrument-autumn-park-300x200.jpg 300w, https:\/\/arkapogrzeby.pl\/wp-content\/uploads\/2025\/01\/young-handsome-trumpeter-formal-clothes-playing-his-musical-instrument-autumn-park-768x512.jpg 768w, https:\/\/arkapogrzeby.pl\/wp-content\/uploads\/2025\/01\/young-handsome-trumpeter-formal-clothes-playing-his-musical-instrument-autumn-park-1536x1024.jpg 1536w, https:\/\/arkapogrzeby.pl\/wp-content\/uploads\/2025\/01\/young-handsome-trumpeter-formal-clothes-playing-his-musical-instrument-autumn-park-2048x1365.jpg 2048w\" sizes=\"(max-width: 800px) 100vw, 800px\" \/>\t\t\t\t\t\t\t\t\t\t\t\t\t\t\t<\/div>\n\t\t\t\t<\/div>\n\t\t<div class=\"elementor-element elementor-element-89909dc e-con-full e-flex e-con e-child\" data-id=\"89909dc\" data-element_type=\"container\" data-e-type=\"container\">\n\t\t\t\t<div class=\"elementor-element elementor-element-f4de911 elementor-widget elementor-widget-image\" data-id=\"f4de911\" data-element_type=\"widget\" data-e-type=\"widget\" data-widget_type=\"image.default\">\n\t\t\t\t<div class=\"elementor-widget-container\">\n\t\t\t\t\t\t\t\t\t\t\t\t\t\t\t<img decoding=\"async\" width=\"1000\" height=\"500\" src=\"https:\/\/arkapogrzeby.pl\/wp-content\/uploads\/2025\/01\/4.png\" class=\"attachment-full size-full wp-image-885\" alt=\"\" srcset=\"https:\/\/arkapogrzeby.pl\/wp-content\/uploads\/2025\/01\/4.png 1000w, https:\/\/arkapogrzeby.pl\/wp-content\/uploads\/2025\/01\/4-300x150.png 300w, https:\/\/arkapogrzeby.pl\/wp-content\/uploads\/2025\/01\/4-768x384.png 768w\" sizes=\"(max-width: 1000px) 100vw, 1000px\" \/>\t\t\t\t\t\t\t\t\t\t\t\t\t\t\t<\/div>\n\t\t\t\t<\/div>\n\t\t\t\t<\/div>\n\t\t\t\t<\/div>\n\t\t\t\t\t<\/div>\n\t\t\t\t<\/div>\n\t\t\t\t<\/div>\n\t\t","protected":false},"excerpt":{"rendered":"<p>Oprawa muzyczna Standardowo u\u015bwietniamy uroczysto\u015b\u0107 na cmentarzu odtwarzaj\u0105c utwory muzyczne. Na \u017cyczenie rodziny \u00a0mo\u017cemy\u00a0 u\u015bwietni\u0107 ceremoni\u0119 pogrzebow\u0105\u00a0 w ko\u015bciele i na cmentarzu poprzez wykonanie na \u017cywo przez muzyka kilku\u00a0 utwor\u00f3w\u00a0 na skrzypcach lub tr\u0105bce. W naszej ofercie mamy wysokiej jako\u015bci trumny i trumienki produkowane przez wielopokoleniowe zak\u0142ady stolarskie.\u00a0 Rodziny zmar\u0142ych mog\u0105 wybiera\u0107 spo\u015br\u00f3d wielu rodzaj\u00f3w [&hellip;]<\/p>\n","protected":false},"author":2,"featured_media":0,"parent":0,"menu_order":0,"comment_status":"closed","ping_status":"closed","template":"elementor_header_footer","meta":{"_themeisle_gutenberg_block_has_review":false,"footnotes":""},"class_list":["post-387","page","type-page","status-publish","hentry"],"_links":{"self":[{"href":"https:\/\/arkapogrzeby.pl\/index.php\/wp-json\/wp\/v2\/pages\/387","targetHints":{"allow":["GET"]}}],"collection":[{"href":"https:\/\/arkapogrzeby.pl\/index.php\/wp-json\/wp\/v2\/pages"}],"about":[{"href":"https:\/\/arkapogrzeby.pl\/index.php\/wp-json\/wp\/v2\/types\/page"}],"author":[{"embeddable":true,"href":"https:\/\/arkapogrzeby.pl\/index.php\/wp-json\/wp\/v2\/users\/2"}],"replies":[{"embeddable":true,"href":"https:\/\/arkapogrzeby.pl\/index.php\/wp-json\/wp\/v2\/comments?post=387"}],"version-history":[{"count":20,"href":"https:\/\/arkapogrzeby.pl\/index.php\/wp-json\/wp\/v2\/pages\/387\/revisions"}],"predecessor-version":[{"id":1189,"href":"https:\/\/arkapogrzeby.pl\/index.php\/wp-json\/wp\/v2\/pages\/387\/revisions\/1189"}],"wp:attachment":[{"href":"https:\/\/arkapogrzeby.pl\/index.php\/wp-json\/wp\/v2\/media?parent=387"}],"curies":[{"name":"wp","href":"https:\/\/api.w.org\/{rel}","templated":true}]}}