{"id":383,"date":"2024-10-25T12:07:02","date_gmt":"2024-10-25T12:07:02","guid":{"rendered":"https:\/\/arkapogrzeby.pl\/?page_id=383"},"modified":"2025-03-05T13:01:11","modified_gmt":"2025-03-05T13:01:11","slug":"pogrzeb","status":"publish","type":"page","link":"https:\/\/arkapogrzeby.pl\/index.php\/pogrzeb\/","title":{"rendered":"Pogrzeb"},"content":{"rendered":"\t\t<div data-elementor-type=\"wp-page\" data-elementor-id=\"383\" class=\"elementor elementor-383\" data-elementor-post-type=\"page\">\n\t\t\t\t<div class=\"elementor-element elementor-element-12ecec7f e-flex e-con-boxed e-con e-parent\" data-id=\"12ecec7f\" data-element_type=\"container\" data-e-type=\"container\">\n\t\t\t\t\t<div class=\"e-con-inner\">\n\t\t<div class=\"elementor-element elementor-element-2b6c4ade e-con-full e-flex e-con e-child\" data-id=\"2b6c4ade\" data-element_type=\"container\" data-e-type=\"container\">\n\t\t\t\t<div class=\"elementor-element elementor-element-422dd1ba elementor-widget__width-initial elementor-absolute elementor-widget elementor-widget-spacer\" data-id=\"422dd1ba\" data-element_type=\"widget\" data-e-type=\"widget\" data-settings=\"{&quot;_position&quot;:&quot;absolute&quot;}\" data-widget_type=\"spacer.default\">\n\t\t\t\t<div class=\"elementor-widget-container\">\n\t\t\t\t\t\t\t<div class=\"elementor-spacer\">\n\t\t\t<div class=\"elementor-spacer-inner\"><\/div>\n\t\t<\/div>\n\t\t\t\t\t\t<\/div>\n\t\t\t\t<\/div>\n\t\t\t\t<div class=\"elementor-element elementor-element-322184e5 elementor-invisible elementor-widget elementor-widget-heading\" data-id=\"322184e5\" data-element_type=\"widget\" data-e-type=\"widget\" data-settings=\"{&quot;_animation&quot;:&quot;fadeInUp&quot;}\" data-widget_type=\"heading.default\">\n\t\t\t\t<div class=\"elementor-widget-container\">\n\t\t\t\t\t<h3 class=\"elementor-heading-title elementor-size-default\">Ka\u017cda osoba by\u0142a wyj\u0105tkowa i jedyna<\/h3>\t\t\t\t<\/div>\n\t\t\t\t<\/div>\n\t\t\t\t<div class=\"elementor-element elementor-element-6fcec10 elementor-widget elementor-widget-heading\" data-id=\"6fcec10\" data-element_type=\"widget\" data-e-type=\"widget\" data-widget_type=\"heading.default\">\n\t\t\t\t<div class=\"elementor-widget-container\">\n\t\t\t\t\t<h1 class=\"elementor-heading-title elementor-size-default\">Pogrzeby<\/h1>\t\t\t\t<\/div>\n\t\t\t\t<\/div>\n\t\t\t\t<div class=\"elementor-element elementor-element-50d15f58 elementor-widget elementor-widget-text-editor\" data-id=\"50d15f58\" data-element_type=\"widget\" data-e-type=\"widget\" data-widget_type=\"text-editor.default\">\n\t\t\t\t<div class=\"elementor-widget-container\">\n\t\t\t\t\t\t\t\t\t<p>Kompleksowa organizacja ceremonii pogrzebowych to nasza misja. Zajmujemy si\u0119 wszystkimi formalno\u015bciami, od przygotowania miejsca poch\u00f3wku, przez obs\u0142ug\u0119 ceremonii, a\u017c po pomoc w za\u0142atwieniu dokumentacji. Zapewniamy wsparcie na ka\u017cdym kroku, aby po\u017cegnanie bliskiej osoby przebieg\u0142o godnie i w pe\u0142nym poszanowaniu dla rodziny.\u00a0 Oferujemy obs\u0142ug\u0119 pogrzeb\u00f3w wyznaniowych i \u015bwieckich.<\/p><p>W naszej ofercie mamy wysokiej jako\u015bci trumny i trumienki produkowane przez wielopokoleniowe zak\u0142ady stolarskie.\u00a0 Rodziny zmar\u0142ych mog\u0105 wybiera\u0107 spo\u015br\u00f3d wielu rodzaj\u00f3w drewna, barw, wyko\u0144cze\u0144 i zdobie\u0144 w r\u00f3\u017cnych cenach. Realizujemy tak\u017ce indywidualne zam\u00f3wienia.<\/p>\t\t\t\t\t\t\t\t<\/div>\n\t\t\t\t<\/div>\n\t\t\t\t<\/div>\n\t\t<div class=\"elementor-element elementor-element-7a97840a e-con-full e-flex e-con e-child\" data-id=\"7a97840a\" data-element_type=\"container\" data-e-type=\"container\" data-settings=\"{&quot;background_background&quot;:&quot;classic&quot;}\">\n\t\t\t\t<div class=\"elementor-element elementor-element-7af4505 elementor-widget elementor-widget-image\" data-id=\"7af4505\" data-element_type=\"widget\" data-e-type=\"widget\" data-widget_type=\"image.default\">\n\t\t\t\t<div class=\"elementor-widget-container\">\n\t\t\t\t\t\t\t\t\t\t\t\t\t\t\t<img fetchpriority=\"high\" decoding=\"async\" width=\"800\" height=\"533\" src=\"https:\/\/arkapogrzeby.pl\/wp-content\/uploads\/2025\/01\/11768-1024x682.jpg\" class=\"attachment-large size-large wp-image-801\" alt=\"\" srcset=\"https:\/\/arkapogrzeby.pl\/wp-content\/uploads\/2025\/01\/11768-1024x682.jpg 1024w, https:\/\/arkapogrzeby.pl\/wp-content\/uploads\/2025\/01\/11768-300x200.jpg 300w, https:\/\/arkapogrzeby.pl\/wp-content\/uploads\/2025\/01\/11768-768x512.jpg 768w, https:\/\/arkapogrzeby.pl\/wp-content\/uploads\/2025\/01\/11768-1536x1024.jpg 1536w, https:\/\/arkapogrzeby.pl\/wp-content\/uploads\/2025\/01\/11768.jpg 2000w\" sizes=\"(max-width: 800px) 100vw, 800px\" \/>\t\t\t\t\t\t\t\t\t\t\t\t\t\t\t<\/div>\n\t\t\t\t<\/div>\n\t\t<div class=\"elementor-element elementor-element-36e3d58 e-con-full e-flex e-con e-child\" data-id=\"36e3d58\" data-element_type=\"container\" data-e-type=\"container\">\n\t\t\t\t<div class=\"elementor-element elementor-element-a98e75a elementor-widget elementor-widget-image\" data-id=\"a98e75a\" data-element_type=\"widget\" data-e-type=\"widget\" data-widget_type=\"image.default\">\n\t\t\t\t<div class=\"elementor-widget-container\">\n\t\t\t\t\t\t\t\t\t\t\t\t\t\t\t<img decoding=\"async\" width=\"1000\" height=\"700\" src=\"https:\/\/arkapogrzeby.pl\/wp-content\/uploads\/2024\/12\/1a.png\" class=\"attachment-full size-full wp-image-782\" alt=\"\" srcset=\"https:\/\/arkapogrzeby.pl\/wp-content\/uploads\/2024\/12\/1a.png 1000w, https:\/\/arkapogrzeby.pl\/wp-content\/uploads\/2024\/12\/1a-300x210.png 300w, https:\/\/arkapogrzeby.pl\/wp-content\/uploads\/2024\/12\/1a-768x538.png 768w\" sizes=\"(max-width: 1000px) 100vw, 1000px\" \/>\t\t\t\t\t\t\t\t\t\t\t\t\t\t\t<\/div>\n\t\t\t\t<\/div>\n\t\t\t\t<\/div>\n\t\t\t\t<\/div>\n\t\t\t\t\t<\/div>\n\t\t\t\t<\/div>\n\t\t\t\t<\/div>\n\t\t","protected":false},"excerpt":{"rendered":"<p>Ka\u017cda osoba by\u0142a wyj\u0105tkowa i jedyna Pogrzeby Kompleksowa organizacja ceremonii pogrzebowych to nasza misja. Zajmujemy si\u0119 wszystkimi formalno\u015bciami, od przygotowania miejsca poch\u00f3wku, przez obs\u0142ug\u0119 ceremonii, a\u017c po pomoc w za\u0142atwieniu dokumentacji. Zapewniamy wsparcie na ka\u017cdym kroku, aby po\u017cegnanie bliskiej osoby przebieg\u0142o godnie i w pe\u0142nym poszanowaniu dla rodziny.\u00a0 Oferujemy obs\u0142ug\u0119 pogrzeb\u00f3w wyznaniowych i \u015bwieckich. W [&hellip;]<\/p>\n","protected":false},"author":2,"featured_media":0,"parent":0,"menu_order":0,"comment_status":"closed","ping_status":"closed","template":"elementor_header_footer","meta":{"_themeisle_gutenberg_block_has_review":false,"footnotes":""},"class_list":["post-383","page","type-page","status-publish","hentry"],"_links":{"self":[{"href":"https:\/\/arkapogrzeby.pl\/index.php\/wp-json\/wp\/v2\/pages\/383","targetHints":{"allow":["GET"]}}],"collection":[{"href":"https:\/\/arkapogrzeby.pl\/index.php\/wp-json\/wp\/v2\/pages"}],"about":[{"href":"https:\/\/arkapogrzeby.pl\/index.php\/wp-json\/wp\/v2\/types\/page"}],"author":[{"embeddable":true,"href":"https:\/\/arkapogrzeby.pl\/index.php\/wp-json\/wp\/v2\/users\/2"}],"replies":[{"embeddable":true,"href":"https:\/\/arkapogrzeby.pl\/index.php\/wp-json\/wp\/v2\/comments?post=383"}],"version-history":[{"count":40,"href":"https:\/\/arkapogrzeby.pl\/index.php\/wp-json\/wp\/v2\/pages\/383\/revisions"}],"predecessor-version":[{"id":1186,"href":"https:\/\/arkapogrzeby.pl\/index.php\/wp-json\/wp\/v2\/pages\/383\/revisions\/1186"}],"wp:attachment":[{"href":"https:\/\/arkapogrzeby.pl\/index.php\/wp-json\/wp\/v2\/media?parent=383"}],"curies":[{"name":"wp","href":"https:\/\/api.w.org\/{rel}","templated":true}]}}